{"id":15,"date":"2026-04-21T13:25:11","date_gmt":"2026-04-21T19:25:11","guid":{"rendered":"https:\/\/www.aethergpro.com\/?page_id=15"},"modified":"2026-05-04T17:03:53","modified_gmt":"2026-05-04T23:03:53","slug":"home","status":"publish","type":"page","link":"https:\/\/www.aethergpro.com\/","title":{"rendered":"Home"},"content":{"rendered":"\n\n\n\n\n\n\n<div class=\"dnxte_text_highlight_0 dnxte_text_highlight et_pb_module\"><h2 class=\"dnxt-highlight-intro dnext_highlight_alignment_center dnext_highlight_alignment_center_tablet dnext_highlight_alignment_center_phone\"><span class=\"dnxt-text-highlight-animated-wrapper\"><span class=\"dnxt-text-highlight dnxt-text-highlight-animated-text\">AETHER GLOBAL PRODUCTIONS<\/span><span><svg xmlns=\"http:\/\/www.w3.org\/2000\/svg\" viewBox=\"0 0 500 150\" preserveAspectRatio=\"none\"><path d=\"M7.7,145.6C109,125,299.9,116.2,401,121.3c42.1,2.2,87.6,11.8,87.3,25.7\"><\/path><\/svg><\/span><\/span><\/h2><\/div>\n\n\n\n\n\n<div class=\"dnxte_button_0 dnxte_button et_pb_bg_layout_light et_pb_module\"><div class=\"et_pb_module_inner\"><div class=\"dnxt-button-wrapper dnxt_button_alignment_left dnxt_button_alignment_left_tablet dnxt_button_alignment_left_phone\"><a href=\"#creamos\" class=\"dnxt-btn-icon dnxt-hover-bounce-in\">CREAMOS<\/a><\/div><\/div><\/div>\n\n\n\n\n\n\n\n\n\n\n\n\n\n\n\n\n\n\n\n\n\n\n\n\n\n\n\n\n\n\n\n\n\n\n\n\n\n\n\n\n\n\n\n\n\n\n\n\n\n\n\n\n\n\n\n\n\n\n\n\n\n\n\n\n\n\n\n\n\n\n\n\n\n\n\n\n\n\n\n\n\n\n\n\n\n\n\n\n\n\n\n\n\n\n\n<div class=\"dnxte_next_video_0 dnxte_next_video et_pb_module\"><div class=\"dnxte-next-video-container\" data-video-type=\"self_hosted\" data-embed-url=\"\" data-start-time=\"\" data-end-time=\"\" data-enable-sticky=\"off\" data-sticky-position=\"bottom_right\" data-pause-on-minimize=\"off\" data-enable-lightbox=\"off\" data-trigger-type=\"overlay_click\" data-autoplay=\"off\" data-lazy-load=\"off\"><div class=\"dnxte-next-video__header\"><\/div><div class=\"dnxte-next-video__wrapper\" aria-label=\"Video Player\" role=\"region\"><video class=\"dnxte-next-video__video\" preload=\"metadata\" controls playsinline><source src=\"https:\/\/www.aethergpro.com\/wp-content\/uploads\/2026\/04\/video_home_page_fast.mp4\" type=\"video\/mp4\" \/><\/video><\/div><\/div><\/div>\n\n\n\n\n\n<div class=\"dnxt_text_marquee_0 dnxt_text_marquee et_pb_bg_layout_light dnxt-text-marquee dnxt-marquee-direction-right et_pb_module\"><div class=\"dnxt-marquee-wrapper dnxt-marquee-horizontal\"><div class=\"dnxt-marquee-content\" data-direction=\"right\" data-speed=\"43\" data-enable-loop=\"off\">\n<li class=\"dnxte_text_marquee_child_0 dnxte_text_marquee_child et_pb_module\"><div class=\"dnxt-marquee-item-wrapper\"><span class=\"et-pb-icon dnxte-marquee-icon\">N<\/span><span class=\"dnxt-marquee-text\"><span class=\"dnxt-marquee-text\">AGP Internacional es una agencia digital enfocada en identidad, innovaci\u00f3n tecnol\u00f3gica y sustentabilidad.<\/span><\/span><\/div><\/li>\n\n<li class=\"dnxte_text_marquee_child_1 dnxte_text_marquee_child et_pb_module\"><div class=\"dnxt-marquee-item-wrapper\"><span class=\"et-pb-icon dnxte-marquee-icon\">N<\/span><span class=\"dnxt-marquee-text\"><span class=\"dnxt-marquee-text\">Nuestro equipo especializado ofrece soluciones en dise\u00f1o, gesti\u00f3n, venta y comunicaci\u00f3n digital.<\/span><\/span><\/div><\/li>\n\n<li class=\"dnxte_text_marquee_child_2 dnxte_text_marquee_child et_pb_module\"><div class=\"dnxt-marquee-item-wrapper\"><span class=\"et-pb-icon dnxte-marquee-icon\">N<\/span><span class=\"dnxt-marquee-text\"><span class=\"dnxt-marquee-text\">Contamos con un gran equipo creativo y t\u00e9cnico.<\/span><\/span><\/div><\/li>\n\n<li class=\"dnxte_text_marquee_child_3 dnxte_text_marquee_child et_pb_module\"><div class=\"dnxt-marquee-item-wrapper\"><span class=\"et-pb-icon dnxte-marquee-icon\">N<\/span><span class=\"dnxt-marquee-text\"><span class=\"dnxt-marquee-text\">Realizamos producciones audiovisuales avanzadas, incluyendo contenido generado con inteligencia artificial.<\/span><\/span><\/div><\/li>\n\n<li class=\"dnxte_text_marquee_child_4 dnxte_text_marquee_child et_pb_module\"><div class=\"dnxt-marquee-item-wrapper\"><span class=\"et-pb-icon dnxte-marquee-icon\">N<\/span><span class=\"dnxt-marquee-text\"><span class=\"dnxt-marquee-text\">Ofrecemos todo lo necesario en dise\u00f1o web y transmisi\u00f3n en vivo por Facebook Live y YouTube Live.<\/span><\/span><\/div><\/li>\n<\/div><\/div><\/div>\n\n\n\n\n\n\n\n<div class=\"dnxte_nxt_circular_image_hover_0 dnxte_nxt_circular_image_hover et_pb_bg_layout_light et_pb_module\"><div class=\"dnext-neip-cih-item neip-cih-effect1 neip-cih-left_to_right\"><div class=\"dnext-neip-cih-hvr\"><div class=\"neip-cih-img\"><img loading=\"lazy\" decoding=\"async\" src=\"https:\/\/www.aethergpro.com\/wp-content\/uploads\/2026\/05\/home_web_pages_jpg.jpg\" width=\"500\" height=\"403\" srcset=\"https:\/\/www.aethergpro.com\/wp-content\/uploads\/2026\/05\/home_web_pages_jpg.jpg 500w\" sizes=\"(max-width: 500px) 100vw, 500px\" class=\"wp-image-269\" \/><\/div><div class=\"neip-cih-info\" style=\"\"><h2 class=\"neip-cih-heading\">Dise\u00f1o WEB<\/h2><div class=\"\"><div class=\"neip-cih-desc\" data-et-mv-hidden-tablet=\"true\"><p dir=\"auto\">Transformamos tu idea en una presencia digital profesional. Dise\u00f1amos sitios web modernos, atractivos y totalmente responsivos que captan clientes desde el primer segundo. Te ofrecemos hosting confiable y r\u00e1pido, registro de dominio profesional, y un mantenimiento continuo para que tu p\u00e1gina siempre est\u00e9 actualizada, segura y funcionando al cien. Desde la estrategia hasta el \u00faltimo detalle, nos encargamos de todo para que vos solo te enfoques en hacer crecer tu negocio.<\/p><\/div><\/div><\/div><\/div><\/div><\/div>\n\n\n\n<div class=\"dnxte_nxt_circular_image_hover_1 dnxte_nxt_circular_image_hover et_pb_bg_layout_light et_pb_module\"><div class=\"dnext-neip-cih-item neip-cih-effect1 neip-cih-left_to_right\"><div class=\"dnext-neip-cih-hvr\"><div class=\"neip-cih-img\"><img loading=\"lazy\" decoding=\"async\" src=\"https:\/\/www.aethergpro.com\/wp-content\/uploads\/2026\/05\/home_productions_classic_jpg.jpg\" width=\"500\" height=\"403\" srcset=\"https:\/\/www.aethergpro.com\/wp-content\/uploads\/2026\/05\/home_productions_classic_jpg.jpg 500w\" sizes=\"(max-width: 500px) 100vw, 500px\" class=\"wp-image-270\" \/><\/div><div class=\"neip-cih-info\" style=\"\"><h2 class=\"neip-cih-heading\">Audiovisuales<\/h2><div class=\"\"><div class=\"neip-cih-desc\" data-et-mv-hidden-tablet=\"true\"><p dir=\"auto\">Producimos videos profesionales que conectan, emocionan y venden. Desde spots publicitarios hasta videos corporativos, contenido para redes sociales y piezas audiovisuales de alto impacto. Nos encargamos de todo: guion, grabaci\u00f3n, edici\u00f3n, colorizaci\u00f3n y sonido. Calidad 4K, entrega r\u00e1pida y un estilo \u00fanico que representa exactamente la personalidad de tu marca.<\/p><\/div><\/div><\/div><\/div><\/div><\/div>\n\n\n\n\n\n<div class=\"dnxte_nxt_circular_image_hover_2 dnxte_nxt_circular_image_hover et_pb_bg_layout_light et_pb_module\"><div class=\"dnext-neip-cih-item neip-cih-effect1 neip-cih-left_to_right\"><div class=\"dnext-neip-cih-hvr\"><div class=\"neip-cih-img\"><img loading=\"lazy\" decoding=\"async\" src=\"https:\/\/www.aethergpro.com\/wp-content\/uploads\/2026\/05\/home_productions_ia_jpg.jpg\" width=\"500\" height=\"403\" srcset=\"https:\/\/www.aethergpro.com\/wp-content\/uploads\/2026\/05\/home_productions_ia_jpg.jpg 500w\" sizes=\"(max-width: 500px) 100vw, 500px\" class=\"wp-image-271\" \/><\/div><div class=\"neip-cih-info\" style=\"\"><h2 class=\"neip-cih-heading\">Producciones con IA<\/h2><div class=\"\"><div class=\"neip-cih-desc\" data-et-mv-hidden-tablet=\"true\"><p dir=\"auto\">Producimos videos de alto impacto utilizando inteligencia artificial de \u00faltima generaci\u00f3n. Creamos spots publicitarios, contenido para redes sociales y piezas corporativas con resultados profesionales. Combinamos creatividad humana con herramientas inteligentes para lograr guiones precisos, edici\u00f3n impecable, voces realistas y efectos visuales de calidad 4K. Calidad cinematogr\u00e1fica que representa el nivel de tu marca.<\/p><\/div><\/div><\/div><\/div><\/div><\/div>\n\n\n\n<div class=\"dnxte_nxt_circular_image_hover_3 dnxte_nxt_circular_image_hover et_pb_bg_layout_light et_pb_module\"><div class=\"dnext-neip-cih-item neip-cih-effect1 neip-cih-left_to_right\"><div class=\"dnext-neip-cih-hvr\"><div class=\"neip-cih-img\"><img loading=\"lazy\" decoding=\"async\" src=\"https:\/\/www.aethergpro.com\/wp-content\/uploads\/2026\/05\/home_streaming_jpg.jpg\" width=\"500\" height=\"403\" srcset=\"https:\/\/www.aethergpro.com\/wp-content\/uploads\/2026\/05\/home_streaming_jpg.jpg 500w\" sizes=\"(max-width: 500px) 100vw, 500px\" class=\"wp-image-272\" \/><\/div><div class=\"neip-cih-info\" style=\"\"><h2 class=\"neip-cih-heading\">Live Streaming<\/h2><div class=\"\"><div class=\"neip-cih-desc\" data-et-mv-hidden-tablet=\"true\"><p dir=\"auto\">Transmitimos tus eventos en vivo con calidad profesional. Llevamos tus charlas, conferencias, lanzamientos y presentaciones a YouTube, Facebook y otras plataformas con streaming estable en 1080p o 4K. M\u00faltiples c\u00e1maras, audio cristalino, gr\u00e1ficos en tiempo real y moderaci\u00f3n de chat. Tu audiencia disfruta una experiencia impecable mientras tu mensaje llega con toda su fuerza.<\/p><\/div><\/div><\/div><\/div><\/div><\/div>\n\n\n\n\n\n\n\n<div class=\"dnxte_rotating_text_0 dnxte_rotating_text et_pb_module\"><div class=\"dnxt-rt-circular-text\"><div class=\"dnxt-rt-circle-ring\"><div class=\"dnxt-rt-logo\"><span class=\"dnxt-rt-media-icon\">\ue038<\/span><\/div><div class=\"dnxt-rt-text \"><span style=\"transform:rotate(0deg);transform-origin:0 var(--dnxt-rt-radius, 100px);\">C<\/span><span style=\"transform:rotate(8.57deg);transform-origin:0 var(--dnxt-rt-radius, 100px);\">o<\/span><span style=\"transform:rotate(17.14deg);transform-origin:0 var(--dnxt-rt-radius, 100px);\">n<\/span><span style=\"transform:rotate(25.71deg);transform-origin:0 var(--dnxt-rt-radius, 100px);\">t<\/span><span style=\"transform:rotate(34.29deg);transform-origin:0 var(--dnxt-rt-radius, 100px);\">\u00e1<\/span><span style=\"transform:rotate(42.86deg);transform-origin:0 var(--dnxt-rt-radius, 100px);\">c<\/span><span style=\"transform:rotate(51.43deg);transform-origin:0 var(--dnxt-rt-radius, 100px);\">t<\/span><span style=\"transform:rotate(60deg);transform-origin:0 var(--dnxt-rt-radius, 100px);\">a<\/span><span style=\"transform:rotate(68.57deg);transform-origin:0 var(--dnxt-rt-radius, 100px);\">n<\/span><span style=\"transform:rotate(77.14deg);transform-origin:0 var(--dnxt-rt-radius, 100px);\">o<\/span><span style=\"transform:rotate(85.71deg);transform-origin:0 var(--dnxt-rt-radius, 100px);\">s<\/span><span style=\"transform:rotate(94.29deg);transform-origin:0 var(--dnxt-rt-radius, 100px);\">&nbsp;<\/span><span style=\"transform:rotate(102.86deg);transform-origin:0 var(--dnxt-rt-radius, 100px);\">|<\/span><span style=\"transform:rotate(111.43deg);transform-origin:0 var(--dnxt-rt-radius, 100px);\">&nbsp;<\/span><span style=\"transform:rotate(120deg);transform-origin:0 var(--dnxt-rt-radius, 100px);\">C<\/span><span style=\"transform:rotate(128.57deg);transform-origin:0 var(--dnxt-rt-radius, 100px);\">o<\/span><span style=\"transform:rotate(137.14deg);transform-origin:0 var(--dnxt-rt-radius, 100px);\">n<\/span><span style=\"transform:rotate(145.71deg);transform-origin:0 var(--dnxt-rt-radius, 100px);\">t<\/span><span style=\"transform:rotate(154.29deg);transform-origin:0 var(--dnxt-rt-radius, 100px);\">\u00e1<\/span><span style=\"transform:rotate(162.86deg);transform-origin:0 var(--dnxt-rt-radius, 100px);\">c<\/span><span style=\"transform:rotate(171.43deg);transform-origin:0 var(--dnxt-rt-radius, 100px);\">t<\/span><span style=\"transform:rotate(180deg);transform-origin:0 var(--dnxt-rt-radius, 100px);\">a<\/span><span style=\"transform:rotate(188.57deg);transform-origin:0 var(--dnxt-rt-radius, 100px);\">n<\/span><span style=\"transform:rotate(197.14deg);transform-origin:0 var(--dnxt-rt-radius, 100px);\">o<\/span><span style=\"transform:rotate(205.71deg);transform-origin:0 var(--dnxt-rt-radius, 100px);\">s<\/span><span style=\"transform:rotate(214.29deg);transform-origin:0 var(--dnxt-rt-radius, 100px);\">&nbsp;<\/span><span style=\"transform:rotate(222.86deg);transform-origin:0 var(--dnxt-rt-radius, 100px);\">|<\/span><span style=\"transform:rotate(231.43deg);transform-origin:0 var(--dnxt-rt-radius, 100px);\">&nbsp;<\/span><span style=\"transform:rotate(240deg);transform-origin:0 var(--dnxt-rt-radius, 100px);\">C<\/span><span style=\"transform:rotate(248.57deg);transform-origin:0 var(--dnxt-rt-radius, 100px);\">o<\/span><span style=\"transform:rotate(257.14deg);transform-origin:0 var(--dnxt-rt-radius, 100px);\">n<\/span><span style=\"transform:rotate(265.71deg);transform-origin:0 var(--dnxt-rt-radius, 100px);\">t<\/span><span style=\"transform:rotate(274.29deg);transform-origin:0 var(--dnxt-rt-radius, 100px);\">\u00e1<\/span><span style=\"transform:rotate(282.86deg);transform-origin:0 var(--dnxt-rt-radius, 100px);\">c<\/span><span style=\"transform:rotate(291.43deg);transform-origin:0 var(--dnxt-rt-radius, 100px);\">t<\/span><span style=\"transform:rotate(300deg);transform-origin:0 var(--dnxt-rt-radius, 100px);\">a<\/span><span style=\"transform:rotate(308.57deg);transform-origin:0 var(--dnxt-rt-radius, 100px);\">n<\/span><span style=\"transform:rotate(317.14deg);transform-origin:0 var(--dnxt-rt-radius, 100px);\">o<\/span><span style=\"transform:rotate(325.71deg);transform-origin:0 var(--dnxt-rt-radius, 100px);\">s<\/span><span style=\"transform:rotate(334.29deg);transform-origin:0 var(--dnxt-rt-radius, 100px);\">&nbsp;<\/span><span style=\"transform:rotate(342.86deg);transform-origin:0 var(--dnxt-rt-radius, 100px);\">|<\/span><span style=\"transform:rotate(351.43deg);transform-origin:0 var(--dnxt-rt-radius, 100px);\">&nbsp;<\/span><\/div><\/div><\/div><\/div>\n\n\n\n\n\n\n\n\n","protected":false},"excerpt":{"rendered":"","protected":false},"author":1,"featured_media":0,"parent":0,"menu_order":0,"comment_status":"closed","ping_status":"closed","template":"","meta":{"footnotes":""},"class_list":["post-15","page","type-page","status-publish","hentry"],"_links":{"self":[{"href":"https:\/\/www.aethergpro.com\/index.php?rest_route=\/wp\/v2\/pages\/15","targetHints":{"allow":["GET"]}}],"collection":[{"href":"https:\/\/www.aethergpro.com\/index.php?rest_route=\/wp\/v2\/pages"}],"about":[{"href":"https:\/\/www.aethergpro.com\/index.php?rest_route=\/wp\/v2\/types\/page"}],"author":[{"embeddable":true,"href":"https:\/\/www.aethergpro.com\/index.php?rest_route=\/wp\/v2\/users\/1"}],"replies":[{"embeddable":true,"href":"https:\/\/www.aethergpro.com\/index.php?rest_route=%2Fwp%2Fv2%2Fcomments&post=15"}],"version-history":[{"count":44,"href":"https:\/\/www.aethergpro.com\/index.php?rest_route=\/wp\/v2\/pages\/15\/revisions"}],"predecessor-version":[{"id":273,"href":"https:\/\/www.aethergpro.com\/index.php?rest_route=\/wp\/v2\/pages\/15\/revisions\/273"}],"wp:attachment":[{"href":"https:\/\/www.aethergpro.com\/index.php?rest_route=%2Fwp%2Fv2%2Fmedia&parent=15"}],"curies":[{"name":"wp","href":"https:\/\/api.w.org\/{rel}","templated":true}]}}